{"id":1638,"date":"2022-09-20T04:48:48","date_gmt":"2022-09-20T04:48:48","guid":{"rendered":"https:\/\/gastrologix.com\/?page_id=1638"},"modified":"2024-06-04T21:33:14","modified_gmt":"2024-06-04T21:33:14","slug":"home","status":"publish","type":"page","link":"https:\/\/gastrologix.com\/","title":{"rendered":"Inicio"},"content":{"rendered":"\t\t<div data-elementor-type=\"wp-page\" data-elementor-id=\"1638\" class=\"elementor elementor-1638\" data-elementor-post-type=\"page\">\n\t\t\t\t\t\t<section class=\"elementor-section elementor-top-section elementor-element elementor-element-17ee70b elementor-section-boxed elementor-section-height-default elementor-section-height-default\" data-id=\"17ee70b\" data-element_type=\"section\">\n\t\t\t\t\t\t<div class=\"elementor-container elementor-column-gap-default\">\n\t\t\t\t\t<div class=\"elementor-column elementor-col-100 elementor-top-column elementor-element elementor-element-8ff32cd\" data-id=\"8ff32cd\" data-element_type=\"column\">\n\t\t\t<div class=\"elementor-widget-wrap elementor-element-populated\">\n\t\t\t\t\t\t<section class=\"elementor-section elementor-inner-section elementor-element elementor-element-750c645 elementor-section-height-min-height elementor-section-boxed elementor-section-height-default\" data-id=\"750c645\" data-element_type=\"section\" data-settings=\"{&quot;background_background&quot;:&quot;classic&quot;}\">\n\t\t\t\t\t\t\t<div class=\"elementor-background-overlay\"><\/div>\n\t\t\t\t\t\t\t<div class=\"elementor-container elementor-column-gap-default\">\n\t\t\t\t\t<div class=\"elementor-column elementor-col-50 elementor-inner-column elementor-element elementor-element-36d9fce\" data-id=\"36d9fce\" data-element_type=\"column\">\n\t\t\t<div class=\"elementor-widget-wrap elementor-element-populated\">\n\t\t\t\t\t\t<div class=\"elementor-element elementor-element-5608078 elementor-widget elementor-widget-heading\" data-id=\"5608078\" data-element_type=\"widget\" data-widget_type=\"heading.default\">\n\t\t\t\t<div class=\"elementor-widget-container\">\n\t\t\t<h2 class=\"elementor-heading-title elementor-size-default\">Gastrologix es un sistema Punto de Venta<\/h2>\t\t<\/div>\n\t\t\t\t<\/div>\n\t\t\t\t<div class=\"elementor-element elementor-element-bce2e46 elementor-widget elementor-widget-heading\" data-id=\"bce2e46\" data-element_type=\"widget\" data-widget_type=\"heading.default\">\n\t\t\t\t<div class=\"elementor-widget-container\">\n\t\t\t<h3 class=\"elementor-heading-title elementor-size-default\">para restaurantes, cafeter\u00edas y bares<\/h3>\t\t<\/div>\n\t\t\t\t<\/div>\n\t\t\t\t<div class=\"elementor-element elementor-element-0d985c8 elementor-align-center elementor-widget elementor-widget-button\" data-id=\"0d985c8\" data-element_type=\"widget\" data-widget_type=\"button.default\">\n\t\t\t\t<div class=\"elementor-widget-container\">\n\t\t\t\t\t<div class=\"elementor-button-wrapper\">\n\t\t\t<a class=\"elementor-button elementor-button-link elementor-size-sm elementor-animation-shrink\" href=\"#\">\n\t\t\t\t\t\t<span class=\"elementor-button-content-wrapper\">\n\t\t\t\t\t\t\t\t\t<span class=\"elementor-button-text\">SOLICITA UNA DEMO<\/span>\n\t\t\t\t\t<\/span>\n\t\t\t\t\t<\/a>\n\t\t<\/div>\n\t\t\t\t<\/div>\n\t\t\t\t<\/div>\n\t\t\t\t\t<\/div>\n\t\t<\/div>\n\t\t\t\t<div class=\"elementor-column elementor-col-50 elementor-inner-column elementor-element elementor-element-a8255c6\" data-id=\"a8255c6\" data-element_type=\"column\">\n\t\t\t<div class=\"elementor-widget-wrap\">\n\t\t\t\t\t\t\t<\/div>\n\t\t<\/div>\n\t\t\t\t\t<\/div>\n\t\t<\/section>\n\t\t\t\t\t<\/div>\n\t\t<\/div>\n\t\t\t\t\t<\/div>\n\t\t<\/section>\n\t\t\t\t<section class=\"elementor-section elementor-top-section elementor-element elementor-element-dabbe43 elementor-section-boxed elementor-section-height-default elementor-section-height-default\" data-id=\"dabbe43\" data-element_type=\"section\">\n\t\t\t\t\t\t<div class=\"elementor-container elementor-column-gap-default\">\n\t\t\t\t\t<div class=\"elementor-column elementor-col-100 elementor-top-column elementor-element elementor-element-8191a07\" data-id=\"8191a07\" data-element_type=\"column\">\n\t\t\t<div class=\"elementor-widget-wrap elementor-element-populated\">\n\t\t\t\t\t\t<div class=\"elementor-element elementor-element-b64d626 elementor-widget elementor-widget-heading\" data-id=\"b64d626\" data-element_type=\"widget\" data-widget_type=\"heading.default\">\n\t\t\t\t<div class=\"elementor-widget-container\">\n\t\t\t<h2 class=\"elementor-heading-title elementor-size-default\">Simplifica la operaci\u00f3n y control de tu restaurante<\/h2>\t\t<\/div>\n\t\t\t\t<\/div>\n\t\t\t\t<div class=\"elementor-element elementor-element-8ffc8c2 elementor-widget-divider--view-line elementor-widget elementor-widget-divider\" data-id=\"8ffc8c2\" data-element_type=\"widget\" data-widget_type=\"divider.default\">\n\t\t\t\t<div class=\"elementor-widget-container\">\n\t\t\t\t\t<div class=\"elementor-divider\">\n\t\t\t<span class=\"elementor-divider-separator\">\n\t\t\t\t\t\t<\/span>\n\t\t<\/div>\n\t\t\t\t<\/div>\n\t\t\t\t<\/div>\n\t\t\t\t\t<\/div>\n\t\t<\/div>\n\t\t\t\t\t<\/div>\n\t\t<\/section>\n\t\t\t\t<section class=\"elementor-section elementor-top-section elementor-element elementor-element-8f29bd5 elementor-section-boxed elementor-section-height-default elementor-section-height-default\" data-id=\"8f29bd5\" data-element_type=\"section\">\n\t\t\t\t\t\t<div class=\"elementor-container elementor-column-gap-default\">\n\t\t\t\t\t<div class=\"elementor-column elementor-col-16 elementor-top-column elementor-element elementor-element-90ea725\" data-id=\"90ea725\" data-element_type=\"column\" data-settings=\"{&quot;background_background&quot;:&quot;classic&quot;}\">\n\t\t\t<div class=\"elementor-widget-wrap elementor-element-populated\">\n\t\t\t\t\t\t<div class=\"elementor-element elementor-element-b939143 elementor-widget elementor-widget-spacer\" data-id=\"b939143\" data-element_type=\"widget\" data-widget_type=\"spacer.default\">\n\t\t\t\t<div class=\"elementor-widget-container\">\n\t\t\t\t\t<div class=\"elementor-spacer\">\n\t\t\t<div class=\"elementor-spacer-inner\"><\/div>\n\t\t<\/div>\n\t\t\t\t<\/div>\n\t\t\t\t<\/div>\n\t\t\t\t\t<\/div>\n\t\t<\/div>\n\t\t\t\t<div class=\"elementor-column elementor-col-16 elementor-top-column elementor-element elementor-element-176487b\" data-id=\"176487b\" data-element_type=\"column\">\n\t\t\t<div class=\"elementor-widget-wrap elementor-element-populated\">\n\t\t\t\t\t\t<div class=\"elementor-element elementor-element-9f3b25c elementor-position-top elementor-widget elementor-widget-image-box\" data-id=\"9f3b25c\" data-element_type=\"widget\" data-widget_type=\"image-box.default\">\n\t\t\t\t<div class=\"elementor-widget-container\">\n\t\t\t<div class=\"elementor-image-box-wrapper\"><figure class=\"elementor-image-box-img\"><img fetchpriority=\"high\" decoding=\"async\" width=\"300\" height=\"300\" src=\"https:\/\/gastrologix.com\/wp-content\/uploads\/2022\/09\/diagram-300x300.png\" class=\"attachment-medium size-medium wp-image-1770\" alt=\"\" srcset=\"https:\/\/gastrologix.com\/wp-content\/uploads\/2022\/09\/diagram-300x300.png 300w, https:\/\/gastrologix.com\/wp-content\/uploads\/2022\/09\/diagram-150x150.png 150w, https:\/\/gastrologix.com\/wp-content\/uploads\/2022\/09\/elementor\/thumbs\/diagram-pv2phftzjqq0qimmgzhzcfscx9pcte03jrfat20t74.png 200w, https:\/\/gastrologix.com\/wp-content\/uploads\/2022\/09\/diagram.png 512w\" sizes=\"(max-width: 300px) 100vw, 300px\" \/><\/figure><div class=\"elementor-image-box-content\"><h3 class=\"elementor-image-box-title\">Optimizaci\u00f3n<\/h3><p class=\"elementor-image-box-description\">Gastrologix optimiza el funcionamiento de tu restaurante<\/p><\/div><\/div>\t\t<\/div>\n\t\t\t\t<\/div>\n\t\t\t\t\t<\/div>\n\t\t<\/div>\n\t\t\t\t<div class=\"elementor-column elementor-col-16 elementor-top-column elementor-element elementor-element-ca3f2e8\" data-id=\"ca3f2e8\" data-element_type=\"column\">\n\t\t\t<div class=\"elementor-widget-wrap elementor-element-populated\">\n\t\t\t\t\t\t<div class=\"elementor-element elementor-element-d48c683 elementor-position-top elementor-widget elementor-widget-image-box\" data-id=\"d48c683\" data-element_type=\"widget\" data-widget_type=\"image-box.default\">\n\t\t\t\t<div class=\"elementor-widget-container\">\n\t\t\t<div class=\"elementor-image-box-wrapper\"><figure class=\"elementor-image-box-img\"><img decoding=\"async\" width=\"300\" height=\"300\" src=\"https:\/\/gastrologix.com\/wp-content\/uploads\/2022\/09\/browsers-300x300.png\" class=\"attachment-medium size-medium wp-image-1815\" alt=\"\" srcset=\"https:\/\/gastrologix.com\/wp-content\/uploads\/2022\/09\/browsers-300x300.png 300w, https:\/\/gastrologix.com\/wp-content\/uploads\/2022\/09\/browsers-150x150.png 150w, https:\/\/gastrologix.com\/wp-content\/uploads\/2022\/09\/browsers.png 512w\" sizes=\"(max-width: 300px) 100vw, 300px\" \/><\/figure><div class=\"elementor-image-box-content\"><h3 class=\"elementor-image-box-title\">Prevenci\u00f3n<\/h3><p class=\"elementor-image-box-description\">Evita capturas err\u00f3neas de pedidos y mejora la comunicaci\u00f3n<\/p><\/div><\/div>\t\t<\/div>\n\t\t\t\t<\/div>\n\t\t\t\t\t<\/div>\n\t\t<\/div>\n\t\t\t\t<div class=\"elementor-column elementor-col-16 elementor-top-column elementor-element elementor-element-4a6fcba\" data-id=\"4a6fcba\" data-element_type=\"column\">\n\t\t\t<div class=\"elementor-widget-wrap elementor-element-populated\">\n\t\t\t\t\t\t<div class=\"elementor-element elementor-element-fd1937f elementor-position-top elementor-widget elementor-widget-image-box\" data-id=\"fd1937f\" data-element_type=\"widget\" data-widget_type=\"image-box.default\">\n\t\t\t\t<div class=\"elementor-widget-container\">\n\t\t\t<div class=\"elementor-image-box-wrapper\"><figure class=\"elementor-image-box-img\"><img decoding=\"async\" width=\"300\" height=\"300\" src=\"https:\/\/gastrologix.com\/wp-content\/uploads\/2022\/09\/computer-300x300.png\" class=\"attachment-medium size-medium wp-image-1809\" alt=\"\" srcset=\"https:\/\/gastrologix.com\/wp-content\/uploads\/2022\/09\/computer-300x300.png 300w, https:\/\/gastrologix.com\/wp-content\/uploads\/2022\/09\/computer-150x150.png 150w, https:\/\/gastrologix.com\/wp-content\/uploads\/2022\/09\/computer.png 512w\" sizes=\"(max-width: 300px) 100vw, 300px\" \/><\/figure><div class=\"elementor-image-box-content\"><h3 class=\"elementor-image-box-title\">PR\u00c1CTICO<\/h3><p class=\"elementor-image-box-description\">Todo lo que tu operaci\u00f3n necesita en una sola pantalla<\/p><\/div><\/div>\t\t<\/div>\n\t\t\t\t<\/div>\n\t\t\t\t\t<\/div>\n\t\t<\/div>\n\t\t\t\t<div class=\"elementor-column elementor-col-16 elementor-top-column elementor-element elementor-element-78be10b\" data-id=\"78be10b\" data-element_type=\"column\">\n\t\t\t<div class=\"elementor-widget-wrap elementor-element-populated\">\n\t\t\t\t\t\t<div class=\"elementor-element elementor-element-8023c33 elementor-position-top elementor-widget elementor-widget-image-box\" data-id=\"8023c33\" data-element_type=\"widget\" data-widget_type=\"image-box.default\">\n\t\t\t\t<div class=\"elementor-widget-container\">\n\t\t\t<div class=\"elementor-image-box-wrapper\"><figure class=\"elementor-image-box-img\"><img loading=\"lazy\" decoding=\"async\" width=\"300\" height=\"300\" src=\"https:\/\/gastrologix.com\/wp-content\/uploads\/2022\/09\/distribution-300x300.png\" class=\"attachment-medium size-medium wp-image-1810\" alt=\"\" srcset=\"https:\/\/gastrologix.com\/wp-content\/uploads\/2022\/09\/distribution-300x300.png 300w, https:\/\/gastrologix.com\/wp-content\/uploads\/2022\/09\/distribution-150x150.png 150w, https:\/\/gastrologix.com\/wp-content\/uploads\/2022\/09\/distribution.png 512w\" sizes=\"(max-width: 300px) 100vw, 300px\" \/><\/figure><div class=\"elementor-image-box-content\"><h3 class=\"elementor-image-box-title\">Accesibilidad<\/h3><p class=\"elementor-image-box-description\">Tu informaci\u00f3n disponible desde cualquier dispositivo<\/p><\/div><\/div>\t\t<\/div>\n\t\t\t\t<\/div>\n\t\t\t\t\t<\/div>\n\t\t<\/div>\n\t\t\t\t<div class=\"elementor-column elementor-col-16 elementor-top-column elementor-element elementor-element-3db85dd\" data-id=\"3db85dd\" data-element_type=\"column\">\n\t\t\t<div class=\"elementor-widget-wrap elementor-element-populated\">\n\t\t\t\t\t\t<div class=\"elementor-element elementor-element-a2d0cb7 elementor-position-top elementor-widget elementor-widget-image-box\" data-id=\"a2d0cb7\" data-element_type=\"widget\" data-widget_type=\"image-box.default\">\n\t\t\t\t<div class=\"elementor-widget-container\">\n\t\t\t<div class=\"elementor-image-box-wrapper\"><figure class=\"elementor-image-box-img\"><img loading=\"lazy\" decoding=\"async\" width=\"300\" height=\"300\" src=\"https:\/\/gastrologix.com\/wp-content\/uploads\/2022\/09\/website-300x300.png\" class=\"attachment-medium size-medium wp-image-1811\" alt=\"\" srcset=\"https:\/\/gastrologix.com\/wp-content\/uploads\/2022\/09\/website-300x300.png 300w, https:\/\/gastrologix.com\/wp-content\/uploads\/2022\/09\/website-150x150.png 150w, https:\/\/gastrologix.com\/wp-content\/uploads\/2022\/09\/website.png 512w\" sizes=\"(max-width: 300px) 100vw, 300px\" \/><\/figure><div class=\"elementor-image-box-content\"><h3 class=\"elementor-image-box-title\">Rapidez<\/h3><p class=\"elementor-image-box-description\">Tus procesos se automatizan dando al cliente rapidez y eficiencia<\/p><\/div><\/div>\t\t<\/div>\n\t\t\t\t<\/div>\n\t\t\t\t\t<\/div>\n\t\t<\/div>\n\t\t\t\t\t<\/div>\n\t\t<\/section>\n\t\t\t\t<section class=\"elementor-section elementor-top-section elementor-element elementor-element-cb10bf7 elementor-section-boxed elementor-section-height-default elementor-section-height-default\" data-id=\"cb10bf7\" data-element_type=\"section\">\n\t\t\t\t\t\t<div class=\"elementor-container elementor-column-gap-default\">\n\t\t\t\t\t<div class=\"elementor-column elementor-col-100 elementor-top-column elementor-element elementor-element-6a7baa0\" data-id=\"6a7baa0\" data-element_type=\"column\">\n\t\t\t<div class=\"elementor-widget-wrap elementor-element-populated\">\n\t\t\t\t\t\t<div class=\"elementor-element elementor-element-714011a elementor-widget elementor-widget-heading\" data-id=\"714011a\" data-element_type=\"widget\" data-widget_type=\"heading.default\">\n\t\t\t\t<div class=\"elementor-widget-container\">\n\t\t\t<h2 class=\"elementor-heading-title elementor-size-default\">Nuestros clientes<\/h2>\t\t<\/div>\n\t\t\t\t<\/div>\n\t\t\t\t<div class=\"elementor-element elementor-element-3923922 elementor-widget-divider--view-line elementor-widget elementor-widget-divider\" data-id=\"3923922\" data-element_type=\"widget\" data-widget_type=\"divider.default\">\n\t\t\t\t<div class=\"elementor-widget-container\">\n\t\t\t\t\t<div class=\"elementor-divider\">\n\t\t\t<span class=\"elementor-divider-separator\">\n\t\t\t\t\t\t<\/span>\n\t\t<\/div>\n\t\t\t\t<\/div>\n\t\t\t\t<\/div>\n\t\t\t\t\t<\/div>\n\t\t<\/div>\n\t\t\t\t\t<\/div>\n\t\t<\/section>\n\t\t\t\t<section class=\"elementor-section elementor-top-section elementor-element elementor-element-c46d8f9 elementor-section-boxed elementor-section-height-default elementor-section-height-default\" data-id=\"c46d8f9\" data-element_type=\"section\">\n\t\t\t\t\t\t<div class=\"elementor-container elementor-column-gap-default\">\n\t\t\t\t\t<div class=\"elementor-column elementor-col-20 elementor-top-column elementor-element elementor-element-93e30f9\" data-id=\"93e30f9\" data-element_type=\"column\">\n\t\t\t<div class=\"elementor-widget-wrap elementor-element-populated\">\n\t\t\t\t\t\t<div class=\"elementor-element elementor-element-080c8f2 elementor-widget elementor-widget-image\" data-id=\"080c8f2\" data-element_type=\"widget\" data-widget_type=\"image.default\">\n\t\t\t\t<div class=\"elementor-widget-container\">\n\t\t\t\t\t\t\t\t\t\t\t\t\t<img loading=\"lazy\" decoding=\"async\" width=\"399\" height=\"476\" src=\"https:\/\/gastrologix.com\/wp-content\/uploads\/2022\/09\/Meson.jpg\" class=\"attachment-large size-large wp-image-1842\" alt=\"\" srcset=\"https:\/\/gastrologix.com\/wp-content\/uploads\/2022\/09\/Meson.jpg 399w, https:\/\/gastrologix.com\/wp-content\/uploads\/2022\/09\/Meson-251x300.jpg 251w\" sizes=\"(max-width: 399px) 100vw, 399px\" \/>\t\t\t\t\t\t\t\t\t\t\t\t\t<\/div>\n\t\t\t\t<\/div>\n\t\t\t\t\t<\/div>\n\t\t<\/div>\n\t\t\t\t<div class=\"elementor-column elementor-col-20 elementor-top-column elementor-element elementor-element-3849014\" data-id=\"3849014\" data-element_type=\"column\">\n\t\t\t<div class=\"elementor-widget-wrap elementor-element-populated\">\n\t\t\t\t\t\t<div class=\"elementor-element elementor-element-c642803 elementor-widget elementor-widget-image\" data-id=\"c642803\" data-element_type=\"widget\" data-widget_type=\"image.default\">\n\t\t\t\t<div class=\"elementor-widget-container\">\n\t\t\t\t\t\t\t\t\t\t\t\t\t<img loading=\"lazy\" decoding=\"async\" width=\"549\" height=\"90\" src=\"https:\/\/gastrologix.com\/wp-content\/uploads\/2022\/09\/Don-Artemio.jpg\" class=\"attachment-large size-large wp-image-1837\" alt=\"\" srcset=\"https:\/\/gastrologix.com\/wp-content\/uploads\/2022\/09\/Don-Artemio.jpg 549w, https:\/\/gastrologix.com\/wp-content\/uploads\/2022\/09\/Don-Artemio-300x49.jpg 300w\" sizes=\"(max-width: 549px) 100vw, 549px\" \/>\t\t\t\t\t\t\t\t\t\t\t\t\t<\/div>\n\t\t\t\t<\/div>\n\t\t\t\t\t<\/div>\n\t\t<\/div>\n\t\t\t\t<div class=\"elementor-column elementor-col-20 elementor-top-column elementor-element elementor-element-c1e7dc7\" data-id=\"c1e7dc7\" data-element_type=\"column\">\n\t\t\t<div class=\"elementor-widget-wrap elementor-element-populated\">\n\t\t\t\t\t\t<div class=\"elementor-element elementor-element-9d2775f elementor-widget elementor-widget-image\" data-id=\"9d2775f\" data-element_type=\"widget\" data-widget_type=\"image.default\">\n\t\t\t\t<div class=\"elementor-widget-container\">\n\t\t\t\t\t\t\t\t\t\t\t\t\t<img loading=\"lazy\" decoding=\"async\" width=\"423\" height=\"255\" src=\"https:\/\/gastrologix.com\/wp-content\/uploads\/2022\/09\/Feligrez.jpg\" class=\"attachment-large size-large wp-image-1839\" alt=\"\" srcset=\"https:\/\/gastrologix.com\/wp-content\/uploads\/2022\/09\/Feligrez.jpg 423w, https:\/\/gastrologix.com\/wp-content\/uploads\/2022\/09\/Feligrez-300x181.jpg 300w\" sizes=\"(max-width: 423px) 100vw, 423px\" \/>\t\t\t\t\t\t\t\t\t\t\t\t\t<\/div>\n\t\t\t\t<\/div>\n\t\t\t\t\t<\/div>\n\t\t<\/div>\n\t\t\t\t<div class=\"elementor-column elementor-col-20 elementor-top-column elementor-element elementor-element-0bc0cd1\" data-id=\"0bc0cd1\" data-element_type=\"column\">\n\t\t\t<div class=\"elementor-widget-wrap elementor-element-populated\">\n\t\t\t\t\t\t<div class=\"elementor-element elementor-element-1828314 elementor-widget elementor-widget-image\" data-id=\"1828314\" data-element_type=\"widget\" data-widget_type=\"image.default\">\n\t\t\t\t<div class=\"elementor-widget-container\">\n\t\t\t\t\t\t\t\t\t\t\t\t\t<img loading=\"lazy\" decoding=\"async\" width=\"355\" height=\"209\" src=\"https:\/\/gastrologix.com\/wp-content\/uploads\/2022\/09\/Los-Pioneros.jpg\" class=\"attachment-large size-large wp-image-1841\" alt=\"\" srcset=\"https:\/\/gastrologix.com\/wp-content\/uploads\/2022\/09\/Los-Pioneros.jpg 355w, https:\/\/gastrologix.com\/wp-content\/uploads\/2022\/09\/Los-Pioneros-300x177.jpg 300w\" sizes=\"(max-width: 355px) 100vw, 355px\" \/>\t\t\t\t\t\t\t\t\t\t\t\t\t<\/div>\n\t\t\t\t<\/div>\n\t\t\t\t\t<\/div>\n\t\t<\/div>\n\t\t\t\t<div class=\"elementor-column elementor-col-20 elementor-top-column elementor-element elementor-element-d0b4468\" data-id=\"d0b4468\" data-element_type=\"column\">\n\t\t\t<div class=\"elementor-widget-wrap elementor-element-populated\">\n\t\t\t\t\t\t<div class=\"elementor-element elementor-element-50f0bfd elementor-widget elementor-widget-image\" data-id=\"50f0bfd\" data-element_type=\"widget\" data-widget_type=\"image.default\">\n\t\t\t\t<div class=\"elementor-widget-container\">\n\t\t\t\t\t\t\t\t\t\t\t\t\t<img loading=\"lazy\" decoding=\"async\" width=\"568\" height=\"176\" src=\"https:\/\/gastrologix.com\/wp-content\/uploads\/2022\/09\/La-Carmenta-Logo.jpg\" class=\"attachment-large size-large wp-image-1840\" alt=\"\" srcset=\"https:\/\/gastrologix.com\/wp-content\/uploads\/2022\/09\/La-Carmenta-Logo.jpg 568w, https:\/\/gastrologix.com\/wp-content\/uploads\/2022\/09\/La-Carmenta-Logo-300x93.jpg 300w\" sizes=\"(max-width: 568px) 100vw, 568px\" \/>\t\t\t\t\t\t\t\t\t\t\t\t\t<\/div>\n\t\t\t\t<\/div>\n\t\t\t\t\t<\/div>\n\t\t<\/div>\n\t\t\t\t\t<\/div>\n\t\t<\/section>\n\t\t\t\t<section class=\"elementor-section elementor-top-section elementor-element elementor-element-57a7f77 elementor-section-boxed elementor-section-height-default elementor-section-height-default\" data-id=\"57a7f77\" data-element_type=\"section\">\n\t\t\t\t\t\t<div class=\"elementor-container elementor-column-gap-default\">\n\t\t\t\t\t<div class=\"elementor-column elementor-col-100 elementor-top-column elementor-element elementor-element-aea7878\" data-id=\"aea7878\" data-element_type=\"column\">\n\t\t\t<div class=\"elementor-widget-wrap elementor-element-populated\">\n\t\t\t\t\t\t<div class=\"elementor-element elementor-element-bf6198d elementor-widget elementor-widget-spacer\" data-id=\"bf6198d\" data-element_type=\"widget\" data-widget_type=\"spacer.default\">\n\t\t\t\t<div class=\"elementor-widget-container\">\n\t\t\t\t\t<div class=\"elementor-spacer\">\n\t\t\t<div class=\"elementor-spacer-inner\"><\/div>\n\t\t<\/div>\n\t\t\t\t<\/div>\n\t\t\t\t<\/div>\n\t\t\t\t\t<\/div>\n\t\t<\/div>\n\t\t\t\t\t<\/div>\n\t\t<\/section>\n\t\t\t\t<section class=\"elementor-section elementor-top-section elementor-element elementor-element-a364965 elementor-section-boxed elementor-section-height-default elementor-section-height-default\" data-id=\"a364965\" data-element_type=\"section\">\n\t\t\t\t\t\t<div class=\"elementor-container elementor-column-gap-default\">\n\t\t\t\t\t<div class=\"elementor-column elementor-col-100 elementor-top-column elementor-element elementor-element-56fd9de\" data-id=\"56fd9de\" data-element_type=\"column\" data-settings=\"{&quot;background_background&quot;:&quot;classic&quot;}\">\n\t\t\t<div class=\"elementor-widget-wrap elementor-element-populated\">\n\t\t\t\t\t\t<div class=\"elementor-element elementor-element-0da8b08 elementor-widget elementor-widget-spacer\" data-id=\"0da8b08\" data-element_type=\"widget\" data-widget_type=\"spacer.default\">\n\t\t\t\t<div class=\"elementor-widget-container\">\n\t\t\t\t\t<div class=\"elementor-spacer\">\n\t\t\t<div class=\"elementor-spacer-inner\"><\/div>\n\t\t<\/div>\n\t\t\t\t<\/div>\n\t\t\t\t<\/div>\n\t\t\t\t\t<\/div>\n\t\t<\/div>\n\t\t\t\t\t<\/div>\n\t\t<\/section>\n\t\t\t\t<section class=\"elementor-section elementor-top-section elementor-element elementor-element-2cd83c6 elementor-section-boxed elementor-section-height-default elementor-section-height-default\" data-id=\"2cd83c6\" data-element_type=\"section\">\n\t\t\t\t\t\t<div class=\"elementor-container elementor-column-gap-default\">\n\t\t\t\t\t<div class=\"elementor-column elementor-col-100 elementor-top-column elementor-element elementor-element-64c09f4\" data-id=\"64c09f4\" data-element_type=\"column\">\n\t\t\t<div class=\"elementor-widget-wrap elementor-element-populated\">\n\t\t\t\t\t\t<div class=\"elementor-element elementor-element-1c9ef8f elementor-widget elementor-widget-spacer\" data-id=\"1c9ef8f\" data-element_type=\"widget\" data-widget_type=\"spacer.default\">\n\t\t\t\t<div class=\"elementor-widget-container\">\n\t\t\t\t\t<div class=\"elementor-spacer\">\n\t\t\t<div class=\"elementor-spacer-inner\"><\/div>\n\t\t<\/div>\n\t\t\t\t<\/div>\n\t\t\t\t<\/div>\n\t\t\t\t\t<\/div>\n\t\t<\/div>\n\t\t\t\t\t<\/div>\n\t\t<\/section>\n\t\t\t\t<\/div>\n\t\t","protected":false},"excerpt":{"rendered":"<p>Gastrologix es un sistema Punto de Venta para restaurantes, cafeter\u00edas y bares SOLICITA UNA DEMO Simplifica la operaci\u00f3n y control de tu restaurante Optimizaci\u00f3n Gastrologix optimiza el funcionamiento de tu restaurante Prevenci\u00f3n Evita capturas err\u00f3neas de pedidos y mejora la comunicaci\u00f3n PR\u00c1CTICO Todo lo que tu operaci\u00f3n necesita en una sola pantalla Accesibilidad Tu informaci\u00f3n [&hellip;]<\/p>\n","protected":false},"author":1,"featured_media":0,"parent":0,"menu_order":0,"comment_status":"closed","ping_status":"closed","template":"","meta":{"footnotes":""},"_links":{"self":[{"href":"https:\/\/gastrologix.com\/index.php\/wp-json\/wp\/v2\/pages\/1638"}],"collection":[{"href":"https:\/\/gastrologix.com\/index.php\/wp-json\/wp\/v2\/pages"}],"about":[{"href":"https:\/\/gastrologix.com\/index.php\/wp-json\/wp\/v2\/types\/page"}],"author":[{"embeddable":true,"href":"https:\/\/gastrologix.com\/index.php\/wp-json\/wp\/v2\/users\/1"}],"replies":[{"embeddable":true,"href":"https:\/\/gastrologix.com\/index.php\/wp-json\/wp\/v2\/comments?post=1638"}],"version-history":[{"count":155,"href":"https:\/\/gastrologix.com\/index.php\/wp-json\/wp\/v2\/pages\/1638\/revisions"}],"predecessor-version":[{"id":1881,"href":"https:\/\/gastrologix.com\/index.php\/wp-json\/wp\/v2\/pages\/1638\/revisions\/1881"}],"wp:attachment":[{"href":"https:\/\/gastrologix.com\/index.php\/wp-json\/wp\/v2\/media?parent=1638"}],"curies":[{"name":"wp","href":"https:\/\/api.w.org\/{rel}","templated":true}]}}